{"id":399,"date":"2020-07-16T08:22:46","date_gmt":"2020-07-16T08:22:46","guid":{"rendered":"https:\/\/www.mrosenfelder.com\/home\/"},"modified":"2021-04-26T09:13:03","modified_gmt":"2021-04-26T07:13:03","slug":"home","status":"publish","type":"page","link":"https:\/\/www.mrosenfelder.com\/en\/","title":{"rendered":"Home"},"content":{"rendered":"\t\t<div data-elementor-type=\"wp-page\" data-elementor-id=\"399\" class=\"elementor elementor-399 elementor-8\" data-elementor-post-type=\"page\">\n\t\t\t\t\t\t\t\t\t<section class=\"elementor-section elementor-top-section elementor-element elementor-element-c1b3823 elementor-section-height-min-height elementor-section-boxed elementor-section-height-default elementor-section-items-middle\" data-id=\"c1b3823\" data-element_type=\"section\" data-settings=\"{&quot;jet_parallax_layout_list&quot;:[{&quot;jet_parallax_layout_image&quot;:{&quot;url&quot;:&quot;&quot;,&quot;id&quot;:&quot;&quot;,&quot;size&quot;:&quot;&quot;},&quot;_id&quot;:&quot;c562865&quot;,&quot;jet_parallax_layout_image_tablet&quot;:{&quot;url&quot;:&quot;&quot;,&quot;id&quot;:&quot;&quot;,&quot;size&quot;:&quot;&quot;},&quot;jet_parallax_layout_image_mobile&quot;:{&quot;url&quot;:&quot;&quot;,&quot;id&quot;:&quot;&quot;,&quot;size&quot;:&quot;&quot;},&quot;jet_parallax_layout_speed&quot;:{&quot;unit&quot;:&quot;%&quot;,&quot;size&quot;:50,&quot;sizes&quot;:[]},&quot;jet_parallax_layout_type&quot;:&quot;scroll&quot;,&quot;jet_parallax_layout_direction&quot;:null,&quot;jet_parallax_layout_fx_direction&quot;:null,&quot;jet_parallax_layout_z_index&quot;:&quot;&quot;,&quot;jet_parallax_layout_bg_x&quot;:50,&quot;jet_parallax_layout_bg_x_tablet&quot;:&quot;&quot;,&quot;jet_parallax_layout_bg_x_mobile&quot;:&quot;&quot;,&quot;jet_parallax_layout_bg_y&quot;:50,&quot;jet_parallax_layout_bg_y_tablet&quot;:&quot;&quot;,&quot;jet_parallax_layout_bg_y_mobile&quot;:&quot;&quot;,&quot;jet_parallax_layout_bg_size&quot;:&quot;auto&quot;,&quot;jet_parallax_layout_bg_size_tablet&quot;:&quot;&quot;,&quot;jet_parallax_layout_bg_size_mobile&quot;:&quot;&quot;,&quot;jet_parallax_layout_animation_prop&quot;:&quot;transform&quot;,&quot;jet_parallax_layout_on&quot;:[&quot;desktop&quot;,&quot;tablet&quot;]}]}\">\n\t\t\t\t\t\t<div class=\"elementor-container elementor-column-gap-default\">\n\t\t\t\t\t<div class=\"elementor-column elementor-col-100 elementor-top-column elementor-element elementor-element-41400c8\" data-id=\"41400c8\" data-element_type=\"column\">\n\t\t\t<div class=\"elementor-widget-wrap elementor-element-populated\">\n\t\t\t\t\t\t\t\t<div class=\"elementor-element elementor-element-cbb1269 elementor-widget elementor-widget-image\" data-id=\"cbb1269\" data-element_type=\"widget\" data-widget_type=\"image.default\">\n\t\t\t\t<div class=\"elementor-widget-container\">\n\t\t\t<style>\/*! elementor - v3.16.0 - 13-09-2023 *\/\n.elementor-widget-image{text-align:center}.elementor-widget-image a{display:inline-block}.elementor-widget-image a img[src$=\".svg\"]{width:48px}.elementor-widget-image img{vertical-align:middle;display:inline-block}<\/style>\t\t\t\t\t\t\t\t\t\t\t\t\t<a href=\"https:\/\/www.mrosenfelder.com\/en\/galeries\/\">\n\t\t\t\t\t\t\t<img decoding=\"async\" loading=\"lazy\" width=\"1536\" height=\"464\" src=\"https:\/\/www.mrosenfelder.com\/wp-content\/uploads\/2020\/11\/Dark-Kaiga-1-s.-1536x464.jpg\" class=\"attachment-1536x1536 size-1536x1536 wp-image-1291\" alt=\"\" srcset=\"https:\/\/www.mrosenfelder.com\/wp-content\/uploads\/2020\/11\/Dark-Kaiga-1-s.-1536x464.jpg 1536w, https:\/\/www.mrosenfelder.com\/wp-content\/uploads\/2020\/11\/Dark-Kaiga-1-s.-300x91.jpg 300w, https:\/\/www.mrosenfelder.com\/wp-content\/uploads\/2020\/11\/Dark-Kaiga-1-s.-1024x309.jpg 1024w, https:\/\/www.mrosenfelder.com\/wp-content\/uploads\/2020\/11\/Dark-Kaiga-1-s.-768x232.jpg 768w, https:\/\/www.mrosenfelder.com\/wp-content\/uploads\/2020\/11\/Dark-Kaiga-1-s.-2048x619.jpg 2048w\" sizes=\"(max-width: 1536px) 100vw, 1536px\" \/>\t\t\t\t\t\t\t\t<\/a>\n\t\t\t\t\t\t\t\t\t\t\t\t\t\t\t<\/div>\n\t\t\t\t<\/div>\n\t\t\t\t<div class=\"elementor-element elementor-element-5bd02c99 elementor-widget elementor-widget-shortcode\" data-id=\"5bd02c99\" data-element_type=\"widget\" data-widget_type=\"shortcode.default\">\n\t\t\t\t<div class=\"elementor-widget-container\">\n\t\t\t\t\t<div class=\"elementor-shortcode\">\n<div class=\"wpml-ls-statics-shortcode_actions wpml-ls wpml-ls-legacy-list-horizontal\">\n\t<ul><li class=\"wpml-ls-slot-shortcode_actions wpml-ls-item wpml-ls-item-fr wpml-ls-first-item wpml-ls-item-legacy-list-horizontal\">\n\t\t\t\t<a href=\"https:\/\/www.mrosenfelder.com\" class=\"wpml-ls-link\">\n                    <span class=\"wpml-ls-native\" lang=\"fr\">Fran\u00e7ais<\/span><\/a>\n\t\t\t<\/li><li class=\"wpml-ls-slot-shortcode_actions wpml-ls-item wpml-ls-item-en wpml-ls-current-language wpml-ls-item-legacy-list-horizontal\">\n\t\t\t\t<a href=\"https:\/\/www.mrosenfelder.com\/en\/\" class=\"wpml-ls-link\">\n                    <span class=\"wpml-ls-native\">English<\/span><\/a>\n\t\t\t<\/li><li class=\"wpml-ls-slot-shortcode_actions wpml-ls-item wpml-ls-item-it wpml-ls-last-item wpml-ls-item-legacy-list-horizontal\">\n\t\t\t\t<a href=\"https:\/\/www.mrosenfelder.com\/it\/\" class=\"wpml-ls-link\">\n                    <span class=\"wpml-ls-native\" lang=\"it\">Italiano<\/span><\/a>\n\t\t\t<\/li><\/ul>\n<\/div>\n<\/div>\n\t\t\t\t<\/div>\n\t\t\t\t<\/div>\n\t\t\t\t\t<\/div>\n\t\t<\/div>\n\t\t\t\t\t\t\t<\/div>\n\t\t<\/section>\n\t\t\t\t\t\t\t<\/div>\n\t\t","protected":false},"excerpt":{"rendered":"","protected":false},"author":1,"featured_media":0,"parent":0,"menu_order":0,"comment_status":"closed","ping_status":"closed","template":"","meta":{"_monsterinsights_skip_tracking":false,"_monsterinsights_sitenote_active":false,"_monsterinsights_sitenote_note":"","_monsterinsights_sitenote_category":0,"site-sidebar-layout":"no-sidebar","site-content-layout":"page-builder","ast-global-header-display":"","ast-banner-title-visibility":"","ast-main-header-display":"","ast-hfb-above-header-display":"","ast-hfb-below-header-display":"","ast-hfb-mobile-header-display":"","site-post-title":"disabled","ast-breadcrumbs-content":"","ast-featured-img":"disabled","footer-sml-layout":"","theme-transparent-header-meta":"default","adv-header-id-meta":"","stick-header-meta":"","header-above-stick-meta":"","header-main-stick-meta":"","header-below-stick-meta":"","footnotes":""},"yoast_head":"<!-- This site is optimized with the Yoast SEO plugin v22.6 - https:\/\/yoast.com\/wordpress\/plugins\/seo\/ -->\n<title>Home &#187; Michel Rosenfelder Photography<\/title>\n<meta name=\"robots\" content=\"index, follow, max-snippet:-1, max-image-preview:large, max-video-preview:-1\" \/>\n<link rel=\"canonical\" href=\"https:\/\/www.mrosenfelder.com\/en\/\" \/>\n<meta property=\"og:locale\" content=\"en_US\" \/>\n<meta property=\"og:type\" content=\"article\" \/>\n<meta property=\"og:title\" content=\"Home &#187; Michel Rosenfelder Photography\" \/>\n<meta property=\"og:url\" content=\"https:\/\/www.mrosenfelder.com\/en\/\" \/>\n<meta property=\"og:site_name\" content=\"Michel Rosenfelder Photography\" \/>\n<meta property=\"article:publisher\" content=\"https:\/\/www.facebook.com\/people\/Michel-Rosenfelder\/100008189806700\" \/>\n<meta property=\"article:modified_time\" content=\"2021-04-26T07:13:03+00:00\" \/>\n<meta property=\"og:image\" content=\"https:\/\/www.mrosenfelder.com\/wp-content\/uploads\/2020\/11\/Dark-Kaiga-1-s.-1536x464.jpg\" \/>\n<meta name=\"twitter:card\" content=\"summary_large_image\" \/>\n<meta name=\"twitter:label1\" content=\"Est. reading time\" \/>\n\t<meta name=\"twitter:data1\" content=\"1 minute\" \/>\n<script type=\"application\/ld+json\" class=\"yoast-schema-graph\">{\"@context\":\"https:\/\/schema.org\",\"@graph\":[{\"@type\":\"WebPage\",\"@id\":\"https:\/\/www.mrosenfelder.com\/en\/\",\"url\":\"https:\/\/www.mrosenfelder.com\/en\/\",\"name\":\"Home &#187; Michel Rosenfelder Photography\",\"isPartOf\":{\"@id\":\"https:\/\/www.mrosenfelder.com\/en\/#website\"},\"primaryImageOfPage\":{\"@id\":\"https:\/\/www.mrosenfelder.com\/en\/#primaryimage\"},\"image\":{\"@id\":\"https:\/\/www.mrosenfelder.com\/en\/#primaryimage\"},\"thumbnailUrl\":\"https:\/\/www.mrosenfelder.com\/wp-content\/uploads\/2020\/11\/Dark-Kaiga-1-s.-1536x464.jpg\",\"datePublished\":\"2020-07-16T08:22:46+00:00\",\"dateModified\":\"2021-04-26T07:13:03+00:00\",\"breadcrumb\":{\"@id\":\"https:\/\/www.mrosenfelder.com\/en\/#breadcrumb\"},\"inLanguage\":\"en-US\",\"potentialAction\":[{\"@type\":\"ReadAction\",\"target\":[\"https:\/\/www.mrosenfelder.com\/en\/\"]}]},{\"@type\":\"ImageObject\",\"inLanguage\":\"en-US\",\"@id\":\"https:\/\/www.mrosenfelder.com\/en\/#primaryimage\",\"url\":\"https:\/\/www.mrosenfelder.com\/wp-content\/uploads\/2020\/11\/Dark-Kaiga-1-s.-1536x464.jpg\",\"contentUrl\":\"https:\/\/www.mrosenfelder.com\/wp-content\/uploads\/2020\/11\/Dark-Kaiga-1-s.-1536x464.jpg\"},{\"@type\":\"BreadcrumbList\",\"@id\":\"https:\/\/www.mrosenfelder.com\/en\/#breadcrumb\",\"itemListElement\":[{\"@type\":\"ListItem\",\"position\":1,\"name\":\"Home\",\"item\":\"https:\/\/www.mrosenfelder.com\/en\/\"},{\"@type\":\"ListItem\",\"position\":2,\"name\":\"Home\"}]},{\"@type\":\"WebSite\",\"@id\":\"https:\/\/www.mrosenfelder.com\/en\/#website\",\"url\":\"https:\/\/www.mrosenfelder.com\/en\/\",\"name\":\"Michel Rosenfelder Photography\",\"description\":\"\",\"publisher\":{\"@id\":\"https:\/\/www.mrosenfelder.com\/en\/#\/schema\/person\/563f85e5874b9d599328ff029e68baad\"},\"potentialAction\":[{\"@type\":\"SearchAction\",\"target\":{\"@type\":\"EntryPoint\",\"urlTemplate\":\"https:\/\/www.mrosenfelder.com\/en\/?s={search_term_string}\"},\"query-input\":\"required name=search_term_string\"}],\"inLanguage\":\"en-US\"},{\"@type\":[\"Person\",\"Organization\"],\"@id\":\"https:\/\/www.mrosenfelder.com\/en\/#\/schema\/person\/563f85e5874b9d599328ff029e68baad\",\"name\":\"Michel Rosenfelder\",\"image\":{\"@type\":\"ImageObject\",\"inLanguage\":\"en-US\",\"@id\":\"https:\/\/www.mrosenfelder.com\/en\/#\/schema\/person\/image\/\",\"url\":\"https:\/\/www.mrosenfelder.com\/wp-content\/uploads\/2020\/09\/michel-rosenfelder-logo.png\",\"contentUrl\":\"https:\/\/www.mrosenfelder.com\/wp-content\/uploads\/2020\/09\/michel-rosenfelder-logo.png\",\"width\":1036,\"height\":64,\"caption\":\"Michel Rosenfelder\"},\"logo\":{\"@id\":\"https:\/\/www.mrosenfelder.com\/en\/#\/schema\/person\/image\/\"},\"description\":\"Michel Rosenfelder est n\u00e9 en 1969 en Allier, France. Bien qu\u2019attir\u00e9 par une formation de designer, il suit finalement en 1990 une voie g\u00e9n\u00e9raliste en Commerce International, mais c\u2019est dans la mode qu\u2019il exprimera en premier sa sensibilit\u00e9. Il int\u00e8gre la Maison KENZO en 1992, pour laquelle il participera au d\u00e9veloppement de l\u2019Homme pendant pr\u00e8s de 20 ans. Il collabore \u00e9troitement durant dix ans avec Roy Krejberg, Directeur Artistique sur l\u2019Homme, puis cinq ans avec Antonio Marras, Directeur Artistique de la Maison. Premiers clich\u00e9s de surfaces en 2008 et naissance du projet \u00ab Les peintures du temps \u00bb en 2012. Exposition en solo en d\u00e9cembre 2015 \u00e0 la Galerie de l\u2019Europe, rue de Seine \u00e0 Paris. Pr\u00e9sent\u00e9 en Octobre 2015 par la Galerie Melepere lors du salon d\u2019art moderne ArtVerona de V\u00e9rone, Italie. Pr\u00e9sent\u00e9 en exclusivit\u00e9 en Novembre 2015 par le STUDIO SG \u00e0 Amsterdam. Pr\u00e9sent\u00e9 en Octobre 2017 par L\u2019ACAF, ACcessible Art Fair \u00e0 Bruxelles, Palais BOZAR. Michel Rosenfelder poursuit par ailleurs ses activit\u00e9s dans les m\u00e9tiers de la mode et du luxe en tant que consultant.\",\"sameAs\":[\"http:\/\/mrosenfelder.com\/\",\"https:\/\/www.facebook.com\/people\/Michel-Rosenfelder\/100008189806700\",\"https:\/\/www.instagram.com\/michelrosenfelder\/\",\"https:\/\/fr.linkedin.com\/in\/michel-rosenfelder-a6336b31\",\"https:\/\/www.pinterest.fr\/mrosenfelder\/\"]}]}<\/script>\n<!-- \/ Yoast SEO plugin. -->","yoast_head_json":{"title":"Home &#187; Michel Rosenfelder Photography","robots":{"index":"index","follow":"follow","max-snippet":"max-snippet:-1","max-image-preview":"max-image-preview:large","max-video-preview":"max-video-preview:-1"},"canonical":"https:\/\/www.mrosenfelder.com\/en\/","og_locale":"en_US","og_type":"article","og_title":"Home &#187; Michel Rosenfelder Photography","og_url":"https:\/\/www.mrosenfelder.com\/en\/","og_site_name":"Michel Rosenfelder Photography","article_publisher":"https:\/\/www.facebook.com\/people\/Michel-Rosenfelder\/100008189806700","article_modified_time":"2021-04-26T07:13:03+00:00","og_image":[{"url":"https:\/\/www.mrosenfelder.com\/wp-content\/uploads\/2020\/11\/Dark-Kaiga-1-s.-1536x464.jpg"}],"twitter_card":"summary_large_image","twitter_misc":{"Est. reading time":"1 minute"},"schema":{"@context":"https:\/\/schema.org","@graph":[{"@type":"WebPage","@id":"https:\/\/www.mrosenfelder.com\/en\/","url":"https:\/\/www.mrosenfelder.com\/en\/","name":"Home &#187; Michel Rosenfelder Photography","isPartOf":{"@id":"https:\/\/www.mrosenfelder.com\/en\/#website"},"primaryImageOfPage":{"@id":"https:\/\/www.mrosenfelder.com\/en\/#primaryimage"},"image":{"@id":"https:\/\/www.mrosenfelder.com\/en\/#primaryimage"},"thumbnailUrl":"https:\/\/www.mrosenfelder.com\/wp-content\/uploads\/2020\/11\/Dark-Kaiga-1-s.-1536x464.jpg","datePublished":"2020-07-16T08:22:46+00:00","dateModified":"2021-04-26T07:13:03+00:00","breadcrumb":{"@id":"https:\/\/www.mrosenfelder.com\/en\/#breadcrumb"},"inLanguage":"en-US","potentialAction":[{"@type":"ReadAction","target":["https:\/\/www.mrosenfelder.com\/en\/"]}]},{"@type":"ImageObject","inLanguage":"en-US","@id":"https:\/\/www.mrosenfelder.com\/en\/#primaryimage","url":"https:\/\/www.mrosenfelder.com\/wp-content\/uploads\/2020\/11\/Dark-Kaiga-1-s.-1536x464.jpg","contentUrl":"https:\/\/www.mrosenfelder.com\/wp-content\/uploads\/2020\/11\/Dark-Kaiga-1-s.-1536x464.jpg"},{"@type":"BreadcrumbList","@id":"https:\/\/www.mrosenfelder.com\/en\/#breadcrumb","itemListElement":[{"@type":"ListItem","position":1,"name":"Home","item":"https:\/\/www.mrosenfelder.com\/en\/"},{"@type":"ListItem","position":2,"name":"Home"}]},{"@type":"WebSite","@id":"https:\/\/www.mrosenfelder.com\/en\/#website","url":"https:\/\/www.mrosenfelder.com\/en\/","name":"Michel Rosenfelder Photography","description":"","publisher":{"@id":"https:\/\/www.mrosenfelder.com\/en\/#\/schema\/person\/563f85e5874b9d599328ff029e68baad"},"potentialAction":[{"@type":"SearchAction","target":{"@type":"EntryPoint","urlTemplate":"https:\/\/www.mrosenfelder.com\/en\/?s={search_term_string}"},"query-input":"required name=search_term_string"}],"inLanguage":"en-US"},{"@type":["Person","Organization"],"@id":"https:\/\/www.mrosenfelder.com\/en\/#\/schema\/person\/563f85e5874b9d599328ff029e68baad","name":"Michel Rosenfelder","image":{"@type":"ImageObject","inLanguage":"en-US","@id":"https:\/\/www.mrosenfelder.com\/en\/#\/schema\/person\/image\/","url":"https:\/\/www.mrosenfelder.com\/wp-content\/uploads\/2020\/09\/michel-rosenfelder-logo.png","contentUrl":"https:\/\/www.mrosenfelder.com\/wp-content\/uploads\/2020\/09\/michel-rosenfelder-logo.png","width":1036,"height":64,"caption":"Michel Rosenfelder"},"logo":{"@id":"https:\/\/www.mrosenfelder.com\/en\/#\/schema\/person\/image\/"},"description":"Michel Rosenfelder est n\u00e9 en 1969 en Allier, France. Bien qu\u2019attir\u00e9 par une formation de designer, il suit finalement en 1990 une voie g\u00e9n\u00e9raliste en Commerce International, mais c\u2019est dans la mode qu\u2019il exprimera en premier sa sensibilit\u00e9. Il int\u00e8gre la Maison KENZO en 1992, pour laquelle il participera au d\u00e9veloppement de l\u2019Homme pendant pr\u00e8s de 20 ans. Il collabore \u00e9troitement durant dix ans avec Roy Krejberg, Directeur Artistique sur l\u2019Homme, puis cinq ans avec Antonio Marras, Directeur Artistique de la Maison. Premiers clich\u00e9s de surfaces en 2008 et naissance du projet \u00ab Les peintures du temps \u00bb en 2012. Exposition en solo en d\u00e9cembre 2015 \u00e0 la Galerie de l\u2019Europe, rue de Seine \u00e0 Paris. Pr\u00e9sent\u00e9 en Octobre 2015 par la Galerie Melepere lors du salon d\u2019art moderne ArtVerona de V\u00e9rone, Italie. Pr\u00e9sent\u00e9 en exclusivit\u00e9 en Novembre 2015 par le STUDIO SG \u00e0 Amsterdam. Pr\u00e9sent\u00e9 en Octobre 2017 par L\u2019ACAF, ACcessible Art Fair \u00e0 Bruxelles, Palais BOZAR. Michel Rosenfelder poursuit par ailleurs ses activit\u00e9s dans les m\u00e9tiers de la mode et du luxe en tant que consultant.","sameAs":["http:\/\/mrosenfelder.com\/","https:\/\/www.facebook.com\/people\/Michel-Rosenfelder\/100008189806700","https:\/\/www.instagram.com\/michelrosenfelder\/","https:\/\/fr.linkedin.com\/in\/michel-rosenfelder-a6336b31","https:\/\/www.pinterest.fr\/mrosenfelder\/"]}]}},"_links":{"self":[{"href":"https:\/\/www.mrosenfelder.com\/en\/wp-json\/wp\/v2\/pages\/399"}],"collection":[{"href":"https:\/\/www.mrosenfelder.com\/en\/wp-json\/wp\/v2\/pages"}],"about":[{"href":"https:\/\/www.mrosenfelder.com\/en\/wp-json\/wp\/v2\/types\/page"}],"author":[{"embeddable":true,"href":"https:\/\/www.mrosenfelder.com\/en\/wp-json\/wp\/v2\/users\/1"}],"replies":[{"embeddable":true,"href":"https:\/\/www.mrosenfelder.com\/en\/wp-json\/wp\/v2\/comments?post=399"}],"version-history":[{"count":3,"href":"https:\/\/www.mrosenfelder.com\/en\/wp-json\/wp\/v2\/pages\/399\/revisions"}],"predecessor-version":[{"id":2478,"href":"https:\/\/www.mrosenfelder.com\/en\/wp-json\/wp\/v2\/pages\/399\/revisions\/2478"}],"wp:attachment":[{"href":"https:\/\/www.mrosenfelder.com\/en\/wp-json\/wp\/v2\/media?parent=399"}],"curies":[{"name":"wp","href":"https:\/\/api.w.org\/{rel}","templated":true}]}}